{"id":1120,"date":"2020-03-11T14:29:09","date_gmt":"2020-03-11T14:29:09","guid":{"rendered":"http:\/\/arcticstar.is\/um-arctic-star\/"},"modified":"2020-06-02T13:48:00","modified_gmt":"2020-06-02T13:48:00","slug":"um-arctic-star","status":"publish","type":"page","link":"https:\/\/arcticstar.is\/is\/um-arctic-star\/","title":{"rendered":"Um Arctic Star"},"content":{"rendered":"\t\t<div data-elementor-type=\"wp-page\" data-elementor-id=\"1120\" class=\"elementor elementor-1120 elementor-24\" data-elementor-post-type=\"page\">\n\t\t\t\t\t\t<section class=\"elementor-section elementor-top-section elementor-element elementor-element-5b689c1b elementor-section-boxed elementor-section-height-default elementor-section-height-default\" data-id=\"5b689c1b\" data-element_type=\"section\" data-e-type=\"section\">\n\t\t\t\t\t\t<div class=\"elementor-container elementor-column-gap-default\">\n\t\t\t\t\t<div class=\"elementor-column elementor-col-100 elementor-top-column elementor-element elementor-element-72ddd203\" data-id=\"72ddd203\" data-element_type=\"column\" data-e-type=\"column\">\n\t\t\t<div class=\"elementor-widget-wrap elementor-element-populated\">\n\t\t\t\t\t\t<div class=\"elementor-element elementor-element-22afeff1 elementor-widget elementor-widget-heading\" data-id=\"22afeff1\" data-element_type=\"widget\" data-e-type=\"widget\" data-widget_type=\"heading.default\">\n\t\t\t\t<div class=\"elementor-widget-container\">\n\t\t\t\t\t<h2 class=\"elementor-heading-title elementor-size-default\">Um Okkur:<\/h2>\t\t\t\t<\/div>\n\t\t\t\t<\/div>\n\t\t\t\t\t<\/div>\n\t\t<\/div>\n\t\t\t\t\t<\/div>\n\t\t<\/section>\n\t\t\t\t<section class=\"elementor-section elementor-top-section elementor-element elementor-element-5ea350d1 elementor-section-boxed elementor-section-height-default elementor-section-height-default\" data-id=\"5ea350d1\" data-element_type=\"section\" data-e-type=\"section\">\n\t\t\t\t\t\t<div class=\"elementor-container elementor-column-gap-default\">\n\t\t\t\t\t<div class=\"elementor-column elementor-col-50 elementor-top-column elementor-element elementor-element-22dfab4c\" data-id=\"22dfab4c\" data-element_type=\"column\" data-e-type=\"column\">\n\t\t\t<div class=\"elementor-widget-wrap elementor-element-populated\">\n\t\t\t\t\t\t<div class=\"elementor-element elementor-element-3c6a2cd7 elementor-widget elementor-widget-image\" data-id=\"3c6a2cd7\" data-element_type=\"widget\" data-e-type=\"widget\" data-widget_type=\"image.default\">\n\t\t\t\t<div class=\"elementor-widget-container\">\n\t\t\t\t\t\t\t\t\t\t\t\t\t\t\t<img fetchpriority=\"high\" decoding=\"async\" width=\"1024\" height=\"683\" src=\"https:\/\/arcticstar.is\/wp-content\/uploads\/2020\/01\/husavik-3654390_1920-1024x683.jpg\" class=\"attachment-large size-large wp-image-1112\" alt=\"Arctic Star\" srcset=\"https:\/\/arcticstar.is\/wp-content\/uploads\/2020\/01\/husavik-3654390_1920-1024x683.jpg 1024w, https:\/\/arcticstar.is\/wp-content\/uploads\/2020\/01\/husavik-3654390_1920-600x400.jpg 600w, https:\/\/arcticstar.is\/wp-content\/uploads\/2020\/01\/husavik-3654390_1920-300x200.jpg 300w, https:\/\/arcticstar.is\/wp-content\/uploads\/2020\/01\/husavik-3654390_1920-768x512.jpg 768w, https:\/\/arcticstar.is\/wp-content\/uploads\/2020\/01\/husavik-3654390_1920-1536x1024.jpg 1536w, https:\/\/arcticstar.is\/wp-content\/uploads\/2020\/01\/husavik-3654390_1920.jpg 1920w\" sizes=\"(max-width: 1024px) 100vw, 1024px\" \/>\t\t\t\t\t\t\t\t\t\t\t\t\t\t\t<\/div>\n\t\t\t\t<\/div>\n\t\t\t\t\t<\/div>\n\t\t<\/div>\n\t\t\t\t<div class=\"elementor-column elementor-col-50 elementor-top-column elementor-element elementor-element-7511043e\" data-id=\"7511043e\" data-element_type=\"column\" data-e-type=\"column\">\n\t\t\t<div class=\"elementor-widget-wrap elementor-element-populated\">\n\t\t\t\t\t\t<div class=\"elementor-element elementor-element-664710af elementor-widget elementor-widget-text-editor\" data-id=\"664710af\" data-element_type=\"widget\" data-e-type=\"widget\" data-widget_type=\"text-editor.default\">\n\t\t\t\t<div class=\"elementor-widget-container\">\n\t\t\t\t\t\t\t\t\t<p><b>Arctic Star<\/b> var stofna\u00f0 \u00e1ri\u00f0 2008 af eigendum \u00cdsB\u00fas al\u00fej\u00f3\u00f0avi\u00f0skipti ehf. og yfirt\u00f3k s\u00ed\u00f0ar rekstur \u00cdsB\u00fa Seafood. Starfsf\u00f3lk Arctic Star hefur um langa hr\u00ed\u00f0 veitt r\u00e1\u00f0gj\u00f6f \u00ed sj\u00e1var\u00fatvegi, fisk- og matv\u00e6laframlei\u00f0slu, og marka\u00f0ssetningu sj\u00e1varafur\u00f0a. \u00c1 s\u00ed\u00f0ustu \u00e1rum hefur Arctic Star s\u00e9rh\u00e6ft sig \u00ed \u00fer\u00f3un \u00e1 f\u00e6\u00f0ub\u00f3tarefnum, svo sem framlei\u00f0slu, marka\u00f0ssetningu og s\u00f6lu \u00e1 h\u00e1g\u00e6\u00f0a Arctic Star heilsuv\u00f6rur um allan heim. Arctic Star S\u00e6bj\u00fagnahylki (S\u00e6bj\u00fagu eru svo kalla\u00f0 &#8222;Ginsengi fr\u00e1 hafinu&#8220;) eru framleitt \u00far \u00edslenskum h\u00e1g\u00e6\u00f0a s\u00e6bj\u00fagum sem eru veidd \u00ed Atlantshafinu vi\u00f0 strendur \u00cdslands. Arctic Star Marine Collagen eru framleitt \u00far Atlantshafs \u00feorskro\u00f0i og \u00cdslenskum h\u00e1g\u00e6\u00f0a s\u00e6bj\u00fagum.<\/p>\n<p>H\u00e9r m\u00e1 finna leyfi okkar:\u00a0<a href=\"http:\/\/arcticstar.is\/wp-content\/uploads\/2020\/02\/ARCTIC-STAR-leyfi-enska1.pdf\">Arctic Star leyfi<\/a><\/p>\n<p>&nbsp;<\/p>\n\t\t\t\t\t\t\t\t<\/div>\n\t\t\t\t<\/div>\n\t\t\t\t\t<\/div>\n\t\t<\/div>\n\t\t\t\t\t<\/div>\n\t\t<\/section>\n\t\t\t\t<section class=\"elementor-section elementor-top-section elementor-element elementor-element-584ad11 elementor-section-boxed elementor-section-height-default elementor-section-height-default\" data-id=\"584ad11\" data-element_type=\"section\" data-e-type=\"section\">\n\t\t\t\t\t\t<div class=\"elementor-container elementor-column-gap-default\">\n\t\t\t\t\t<div class=\"elementor-column elementor-col-100 elementor-top-column elementor-element elementor-element-fc30364\" data-id=\"fc30364\" data-element_type=\"column\" data-e-type=\"column\">\n\t\t\t<div class=\"elementor-widget-wrap elementor-element-populated\">\n\t\t\t\t\t\t<div class=\"elementor-element elementor-element-12f525c elementor-widget elementor-widget-heading\" data-id=\"12f525c\" data-element_type=\"widget\" data-e-type=\"widget\" data-widget_type=\"heading.default\">\n\t\t\t\t<div class=\"elementor-widget-container\">\n\t\t\t\t\t<h2 class=\"elementor-heading-title elementor-size-default\">MARKMI\u00d0 OKKAR<\/h2>\t\t\t\t<\/div>\n\t\t\t\t<\/div>\n\t\t\t\t\t<\/div>\n\t\t<\/div>\n\t\t\t\t\t<\/div>\n\t\t<\/section>\n\t\t\t\t<section class=\"elementor-section elementor-top-section elementor-element elementor-element-1a7ff22 elementor-section-boxed elementor-section-height-default elementor-section-height-default\" data-id=\"1a7ff22\" data-element_type=\"section\" data-e-type=\"section\">\n\t\t\t\t\t\t<div class=\"elementor-container elementor-column-gap-default\">\n\t\t\t\t\t<div class=\"elementor-column elementor-col-50 elementor-top-column elementor-element elementor-element-f348a51\" data-id=\"f348a51\" data-element_type=\"column\" data-e-type=\"column\">\n\t\t\t<div class=\"elementor-widget-wrap elementor-element-populated\">\n\t\t\t\t\t\t<div class=\"elementor-element elementor-element-6409e96 elementor-widget elementor-widget-image\" data-id=\"6409e96\" data-element_type=\"widget\" data-e-type=\"widget\" data-widget_type=\"image.default\">\n\t\t\t\t<div class=\"elementor-widget-container\">\n\t\t\t\t\t\t\t\t\t\t\t\t\t\t\t<img decoding=\"async\" width=\"1024\" height=\"701\" src=\"https:\/\/arcticstar.is\/wp-content\/uploads\/2020\/02\/iceberg-404966_1920-1024x701.jpg\" class=\"attachment-large size-large wp-image-1093\" alt=\"Arctic Star\" srcset=\"https:\/\/arcticstar.is\/wp-content\/uploads\/2020\/02\/iceberg-404966_1920-1024x701.jpg 1024w, https:\/\/arcticstar.is\/wp-content\/uploads\/2020\/02\/iceberg-404966_1920-600x411.jpg 600w, https:\/\/arcticstar.is\/wp-content\/uploads\/2020\/02\/iceberg-404966_1920-300x205.jpg 300w, https:\/\/arcticstar.is\/wp-content\/uploads\/2020\/02\/iceberg-404966_1920-768x526.jpg 768w, https:\/\/arcticstar.is\/wp-content\/uploads\/2020\/02\/iceberg-404966_1920-1536x1052.jpg 1536w, https:\/\/arcticstar.is\/wp-content\/uploads\/2020\/02\/iceberg-404966_1920.jpg 1920w\" sizes=\"(max-width: 1024px) 100vw, 1024px\" \/>\t\t\t\t\t\t\t\t\t\t\t\t\t\t\t<\/div>\n\t\t\t\t<\/div>\n\t\t\t\t\t<\/div>\n\t\t<\/div>\n\t\t\t\t<div class=\"elementor-column elementor-col-50 elementor-top-column elementor-element elementor-element-9a2bb6e\" data-id=\"9a2bb6e\" data-element_type=\"column\" data-e-type=\"column\">\n\t\t\t<div class=\"elementor-widget-wrap elementor-element-populated\">\n\t\t\t\t\t\t<div class=\"elementor-element elementor-element-fdf6251 elementor-widget elementor-widget-text-editor\" data-id=\"fdf6251\" data-element_type=\"widget\" data-e-type=\"widget\" data-widget_type=\"text-editor.default\">\n\t\t\t\t<div class=\"elementor-widget-container\">\n\t\t\t\t\t\t\t\t\t<p>\u00c1 s\u00ed\u00f0ustu \u00e1rum hefur Arctic Star s\u00e9rh\u00e6ft sig \u00ed \u00fer\u00f3un \u00e1 f\u00e6\u00f0ub\u00f3tarefnum, svo sem framlei\u00f0slu, marka\u00f0ssetningu og s\u00f6lu \u00e1 h\u00e1g\u00e6\u00f0a Arctic Star Heilsuv\u00f6rur um allan heim. Markmi\u00f0 Arctic Star er a\u00f0 framlei\u00f0a, marka\u00f0setja og selja hreinar og \u00f3menga\u00f0ar heilsuv\u00f6rur. Arctic Star Heilsuv\u00f6rur eru a\u00f0allega framleiddar \u00far hreinu og \u00f3mengu\u00f0u hr\u00e1efni \u00far Atlantshafinu. A\u00f0alliturinn \u00ed v\u00f6rumerki Arctic Star er \u201cdj\u00fap hafbl\u00e1r\u201c sem t\u00e1knar hafi\u00f0, v\u00ed\u00f0\u00e1ttu \u00feess, hreinleika og n\u00e1tturulega eginleika. \u00dea\u00f0 er \u00fea\u00f0 sem Arctic Star stendur fyrir, hreinleika, n\u00e1tturuvermd og a\u00f0 okkar vara haldi s\u00edmum n\u00e1tturulegu eginleikum. \u00ed vi\u00f0\u00e1ttunni felst samskipti vi\u00f0 f\u00f3lk um allan heim. Hv\u00edti liturinn me\u00f0 stj\u00f6rnunnni t\u00e1knar hinar einst\u00f6ku nor\u00f0r\u00e6nu sl\u00f3\u00f0ir \u00fea\u00f0an sem varan er upprunnin. Merki\u00f0 sj\u00e1lft t\u00e1knar svo j\u00f6r\u00f0ina okkar sem vi\u00f0 skulum halda hreinni og n\u00fdta af skynsemi me\u00f0 sj\u00e1lb\u00e6rni \u00ed huga. Markmi\u00f0 og stefna okkar er \u00fev\u00ed a\u00f0 varan okkar s\u00e9 hrein og \u00f3meingu\u00f0 og vi\u00f0 stundum al\u00fej\u00f3\u00f0leg vi\u00f0skipti me\u00f0 hag heildarinnar \u00ed huga. T\u00e1kni\u00f0 af h\u00e1lfum j\u00f6r\u00f0um \u00e1 v\u00f6rumerkisins enduspeglar einnig heimspeki fyrirt\u00e6kisins og al\u00fej\u00f3\u00f0alega stefnu \u00feess. Arctic Star mun leggja sitt a\u00f0 m\u00f6rkum \u00feannig a\u00f0 svo megi vera.<\/p>\n\t\t\t\t\t\t\t\t<\/div>\n\t\t\t\t<\/div>\n\t\t\t\t\t<\/div>\n\t\t<\/div>\n\t\t\t\t\t<\/div>\n\t\t<\/section>\n\t\t\t\t<\/div>\n\t\t","protected":false},"excerpt":{"rendered":"<p>Um Okkur: Arctic Star var stofna\u00f0 \u00e1ri\u00f0 2008 af eigendum \u00cdsB\u00fas al\u00fej\u00f3\u00f0avi\u00f0skipti ehf. og yfirt\u00f3k s\u00ed\u00f0ar rekstur \u00cdsB\u00fa Seafood. Starfsf\u00f3lk Arctic Star hefur um langa hr\u00ed\u00f0 veitt r\u00e1\u00f0gj\u00f6f \u00ed sj\u00e1var\u00fatvegi, fisk- og matv\u00e6laframlei\u00f0slu, og marka\u00f0ssetningu sj\u00e1varafur\u00f0a. \u00c1 s\u00ed\u00f0ustu \u00e1rum hefur Arctic Star s\u00e9rh\u00e6ft sig \u00ed \u00fer\u00f3un \u00e1 f\u00e6\u00f0ub\u00f3tarefnum, svo sem framlei\u00f0slu, marka\u00f0ssetningu og s\u00f6lu \u00e1 [&hellip;]<\/p>\n","protected":false},"author":3,"featured_media":0,"parent":0,"menu_order":0,"comment_status":"closed","ping_status":"closed","template":"","meta":{"site-sidebar-layout":"no-sidebar","site-content-layout":"page-builder","ast-site-content-layout":"default","site-content-style":"default","site-sidebar-style":"default","ast-global-header-display":"","ast-banner-title-visibility":"","ast-main-header-display":"","ast-hfb-above-header-display":"","ast-hfb-below-header-display":"","ast-hfb-mobile-header-display":"","site-post-title":"disabled","ast-breadcrumbs-content":"","ast-featured-img":"disabled","footer-sml-layout":"","ast-disable-related-posts":"","theme-transparent-header-meta":"default","adv-header-id-meta":"","stick-header-meta":"","header-above-stick-meta":"","header-main-stick-meta":"","header-below-stick-meta":"","astra-migrate-meta-layouts":"default","ast-page-background-enabled":"default","ast-page-background-meta":{"desktop":{"background-color":"","background-image":"","background-repeat":"repeat","background-position":"center center","background-size":"auto","background-attachment":"scroll","background-type":"","background-media":"","overlay-type":"","overlay-color":"","overlay-opacity":"","overlay-gradient":""},"tablet":{"background-color":"","background-image":"","background-repeat":"repeat","background-position":"center center","background-size":"auto","background-attachment":"scroll","background-type":"","background-media":"","overlay-type":"","overlay-color":"","overlay-opacity":"","overlay-gradient":""},"mobile":{"background-color":"","background-image":"","background-repeat":"repeat","background-position":"center center","background-size":"auto","background-attachment":"scroll","background-type":"","background-media":"","overlay-type":"","overlay-color":"","overlay-opacity":"","overlay-gradient":""}},"ast-content-background-meta":{"desktop":{"background-color":"var(--ast-global-color-5)","background-image":"","background-repeat":"repeat","background-position":"center center","background-size":"auto","background-attachment":"scroll","background-type":"","background-media":"","overlay-type":"","overlay-color":"","overlay-opacity":"","overlay-gradient":""},"tablet":{"background-color":"var(--ast-global-color-5)","background-image":"","background-repeat":"repeat","background-position":"center center","background-size":"auto","background-attachment":"scroll","background-type":"","background-media":"","overlay-type":"","overlay-color":"","overlay-opacity":"","overlay-gradient":""},"mobile":{"background-color":"var(--ast-global-color-5)","background-image":"","background-repeat":"repeat","background-position":"center center","background-size":"auto","background-attachment":"scroll","background-type":"","background-media":"","overlay-type":"","overlay-color":"","overlay-opacity":"","overlay-gradient":""}},"footnotes":""},"class_list":["post-1120","page","type-page","status-publish","hentry"],"_links":{"self":[{"href":"https:\/\/arcticstar.is\/is\/wp-json\/wp\/v2\/pages\/1120","targetHints":{"allow":["GET"]}}],"collection":[{"href":"https:\/\/arcticstar.is\/is\/wp-json\/wp\/v2\/pages"}],"about":[{"href":"https:\/\/arcticstar.is\/is\/wp-json\/wp\/v2\/types\/page"}],"author":[{"embeddable":true,"href":"https:\/\/arcticstar.is\/is\/wp-json\/wp\/v2\/users\/3"}],"replies":[{"embeddable":true,"href":"https:\/\/arcticstar.is\/is\/wp-json\/wp\/v2\/comments?post=1120"}],"version-history":[{"count":9,"href":"https:\/\/arcticstar.is\/is\/wp-json\/wp\/v2\/pages\/1120\/revisions"}],"predecessor-version":[{"id":2169,"href":"https:\/\/arcticstar.is\/is\/wp-json\/wp\/v2\/pages\/1120\/revisions\/2169"}],"wp:attachment":[{"href":"https:\/\/arcticstar.is\/is\/wp-json\/wp\/v2\/media?parent=1120"}],"curies":[{"name":"wp","href":"https:\/\/api.w.org\/{rel}","templated":true}]}}