{"id":714,"date":"2020-02-05T13:24:29","date_gmt":"2020-02-05T13:24:29","guid":{"rendered":"http:\/\/arcticstar.is\/product\/dried-atlantic-wild-sea-cucumber\/"},"modified":"2023-03-01T22:06:58","modified_gmt":"2023-03-01T22:06:58","slug":"dried-atlantic-wild-sea-cucumber","status":"publish","type":"product","link":"https:\/\/arcticstar.is\/is\/product\/dried-atlantic-wild-sea-cucumber\/","title":{"rendered":"Arctic star \u00feurrku\u00f0 s\u00e6bj\u00fagu"},"content":{"rendered":"<p class=\"zw-paragraph\" data-textformat=\"{&quot;ff&quot;:&quot;Liberation Serif,Times New Roman&quot;}\" data-margin-bottom=\"0pt\"><strong>Eiginleikar Arctic Star S\u00e6bj\u00fagna<\/strong><\/p>\n<p class=\"zw-paragraph\" data-textformat=\"{&quot;ff&quot;:&quot;Liberation Serif,Times New Roman&quot;}\" data-margin-bottom=\"0pt\"><strong>Arctic Star \u00feurrku\u00f0 s\u00e6bj\u00fagu<\/strong> eru framleidd \u00far s\u00e6bj\u00fagum sem eru veiddar \u00ed Nor\u00f0ur-Atlanshafinu vi\u00f0 strendur \u00cdslands. S\u00e6bj\u00fagu innihalda yfir 50 tegundir af n\u00e6ringarefnum, eins og kollagen, am\u00edn\u00f3s\u00fdrur, taur\u00edn, chondroitin s\u00falfat, pept\u00ed\u00f0 og fj\u00f6lbreytt v\u00edtam\u00edn og steinefni.<\/p>\n<p class=\"zw-paragraph\" data-textformat=\"{&quot;ff&quot;:&quot;Liberation Serif,Times New Roman&quot;}\" data-margin-bottom=\"0pt\"><strong>S\u00e6bj\u00fagu fr\u00e1 Atlanshafinu vi\u00f0 strendur \u00cdslands eru \u00feekkt fyrir:<\/strong><\/p>\n<ul data-list-id=\"8\" data-list-format=\"{&quot;level5&quot;:{&quot;paraFormat&quot;:{&quot;ti&quot;:&quot;-0.25in&quot;,&quot;tps&quot;:[{&quot;leader&quot;:0,&quot;id&quot;:&quot;0&quot;,&quot;align&quot;:0,&quot;point&quot;:&quot;3.0in&quot;}],&quot;pl&quot;:&quot;0.25in&quot;,&quot;ml&quot;:&quot;2.75in&quot;,&quot;textFormat&quot;:{&quot;ff&quot;:&quot;Wingdings&quot;}},&quot;c&quot;:&quot;\uf0ab&quot;,&quot;type&quot;:8,&quot;ltype&quot;:23,&quot;startsWith&quot;:1},&quot;level4&quot;:{&quot;paraFormat&quot;:{&quot;ti&quot;:&quot;-0.25in&quot;,&quot;tps&quot;:[{&quot;leader&quot;:0,&quot;id&quot;:&quot;0&quot;,&quot;align&quot;:0,&quot;point&quot;:&quot;2.5in&quot;}],&quot;pl&quot;:&quot;0.25in&quot;,&quot;ml&quot;:&quot;2.25in&quot;,&quot;textFormat&quot;:{&quot;ff&quot;:&quot;Wingdings&quot;}},&quot;c&quot;:&quot;\uf0ab&quot;,&quot;type&quot;:7,&quot;ltype&quot;:23,&quot;startsWith&quot;:1},&quot;level7&quot;:{&quot;paraFormat&quot;:{&quot;ti&quot;:&quot;-0.25in&quot;,&quot;tps&quot;:[{&quot;leader&quot;:0,&quot;id&quot;:&quot;0&quot;,&quot;align&quot;:0,&quot;point&quot;:&quot;4.0in&quot;}],&quot;pl&quot;:&quot;0.25in&quot;,&quot;ml&quot;:&quot;3.75in&quot;,&quot;textFormat&quot;:{&quot;ff&quot;:&quot;Wingdings&quot;}},&quot;c&quot;:&quot;\uf0ab&quot;,&quot;type&quot;:7,&quot;ltype&quot;:23,&quot;startsWith&quot;:1},&quot;level6&quot;:{&quot;paraFormat&quot;:{&quot;ti&quot;:&quot;-0.25in&quot;,&quot;tps&quot;:[{&quot;leader&quot;:0,&quot;id&quot;:&quot;0&quot;,&quot;align&quot;:0,&quot;point&quot;:&quot;3.5in&quot;}],&quot;pl&quot;:&quot;0.25in&quot;,&quot;ml&quot;:&quot;3.25in&quot;,&quot;textFormat&quot;:{&quot;ff&quot;:&quot;Wingdings&quot;}},&quot;c&quot;:&quot;\uf0ab&quot;,&quot;type&quot;:6,&quot;ltype&quot;:23,&quot;startsWith&quot;:1},&quot;level8&quot;:{&quot;paraFormat&quot;:{&quot;ti&quot;:&quot;-0.25in&quot;,&quot;tps&quot;:[{&quot;leader&quot;:0,&quot;id&quot;:&quot;0&quot;,&quot;align&quot;:0,&quot;point&quot;:&quot;4.5in&quot;}],&quot;pl&quot;:&quot;0.25in&quot;,&quot;ml&quot;:&quot;4.25in&quot;,&quot;textFormat&quot;:{&quot;ff&quot;:&quot;Wingdings&quot;}},&quot;c&quot;:&quot;\uf0ab&quot;,&quot;type&quot;:8,&quot;ltype&quot;:23,&quot;startsWith&quot;:1},&quot;level1&quot;:{&quot;paraFormat&quot;:{&quot;ti&quot;:&quot;-0.25in&quot;,&quot;tps&quot;:[{&quot;leader&quot;:0,&quot;id&quot;:&quot;0&quot;,&quot;align&quot;:0,&quot;point&quot;:&quot;1.0in&quot;}],&quot;pl&quot;:&quot;0.25in&quot;,&quot;ml&quot;:&quot;0.75in&quot;,&quot;textFormat&quot;:{&quot;ff&quot;:&quot;Wingdings&quot;}},&quot;c&quot;:&quot;\uf0ab&quot;,&quot;type&quot;:7,&quot;ltype&quot;:23,&quot;startsWith&quot;:1},&quot;level0&quot;:{&quot;paraFormat&quot;:{&quot;ti&quot;:&quot;-0.25in&quot;,&quot;tps&quot;:[{&quot;leader&quot;:0,&quot;id&quot;:&quot;0&quot;,&quot;align&quot;:0,&quot;point&quot;:&quot;0.5in&quot;}],&quot;pl&quot;:&quot;0.25in&quot;,&quot;ml&quot;:&quot;0.25in&quot;,&quot;textFormat&quot;:{&quot;ff&quot;:&quot;Wingdings&quot;}},&quot;c&quot;:&quot;\uf0ab&quot;,&quot;type&quot;:6,&quot;ltype&quot;:23,&quot;startsWith&quot;:1},&quot;level3&quot;:{&quot;paraFormat&quot;:{&quot;ti&quot;:&quot;-0.25in&quot;,&quot;tps&quot;:[{&quot;leader&quot;:0,&quot;id&quot;:&quot;0&quot;,&quot;align&quot;:0,&quot;point&quot;:&quot;2.0in&quot;}],&quot;pl&quot;:&quot;0.25in&quot;,&quot;ml&quot;:&quot;1.75in&quot;,&quot;textFormat&quot;:{&quot;ff&quot;:&quot;Wingdings&quot;}},&quot;c&quot;:&quot;\uf0ab&quot;,&quot;type&quot;:6,&quot;ltype&quot;:23,&quot;startsWith&quot;:1},&quot;level2&quot;:{&quot;paraFormat&quot;:{&quot;ti&quot;:&quot;-0.25in&quot;,&quot;tps&quot;:[{&quot;leader&quot;:0,&quot;id&quot;:&quot;0&quot;,&quot;align&quot;:0,&quot;point&quot;:&quot;1.5in&quot;}],&quot;pl&quot;:&quot;0.25in&quot;,&quot;ml&quot;:&quot;1.25in&quot;,&quot;textFormat&quot;:{&quot;ff&quot;:&quot;Wingdings&quot;}},&quot;c&quot;:&quot;\uf0ab&quot;,&quot;type&quot;:8,&quot;ltype&quot;:23,&quot;startsWith&quot;:1}}\" data-spl-bullet-format=\"{}\">\n<li style=\"list-style-type: none;\">\n<ul>\n<li>\n<p class=\"zw-list zw-paragraph\" data-tabpoints=\"[{&quot;leader&quot;:0,&quot;id&quot;:&quot;0&quot;,&quot;align&quot;:0,&quot;point&quot;:&quot;1.0in&quot;}]\" data-textformat=\"{&quot;ff&quot;:&quot;Liberation Serif,Times New Roman&quot;}\" data-margin-left=\"0.75in\" data-text-indent=\"-0.25in\" data-padding-left=\"0.25in\" data-margin-bottom=\"0pt\" data-tab-info=\"[{&quot;leader&quot;:0,&quot;id&quot;:&quot;0&quot;,&quot;align&quot;:0,&quot;point&quot;:&quot;1.0in&quot;}]\" data-list-id=\"8\" data-list-info=\"{&quot;id&quot;:8,&quot;l&quot;:1}\"><strong>H\u00e1tt pr\u00f3t\u00edninnihald og l\u00e1gt fituinnihald<\/strong><\/p>\n<\/li>\n<\/ul>\n<\/li>\n<\/ul>\n<p class=\"zw-paragraph\" data-textformat=\"{&quot;ff&quot;:&quot;Liberation Serif,Times New Roman&quot;}\" data-margin-bottom=\"0pt\"><strong>Sagan \u00e1 bak vi\u00f0 s\u00e6bj\u00fagun<\/strong><\/p>\n<p class=\"zw-paragraph\" data-textformat=\"{&quot;ff&quot;:&quot;Liberation Serif,Times New Roman&quot;}\" data-margin-bottom=\"0pt\">\u00cd K\u00edna eru s\u00e6bj\u00fagu \u00feekkt sem heilsub\u00f3tarf\u00e6\u00f0i og notu\u00f0 til b\u00f3ta \u00e1 m\u00f6rgu meini. \u00c1 k\u00ednversku eru s\u00e6bj\u00fagu k\u00f6llu\u00f0 \u201cHaishen\u201d sem \u00fe\u00fd\u00f0ir \u201cginseng hafsins\u201d. K\u00ednverjir eru st\u00e6rstu neytendur s\u00e6bj\u00fagna \u00ed heiminum og nota \u00feau til a\u00f0 me\u00f0h\u00f6ndla h\u00e1an bl\u00f3\u00f0\u00fer\u00fdsting, li\u00f0verki, stir\u00f0leika, bl\u00f3\u00f0fl\u00e6\u00f0i, \u00f3n\u00e6miskerfi\u00f0 og til a\u00f0 auka kynorku, \u00e1samt \u00fdmsu \u00f6\u00f0ru. Til eru sagnir um notkun s\u00e6bj\u00fagna fyrir m\u00f6rg \u00fe\u00fasundum \u00e1rum. Fundist hafa steinger\u00f0 s\u00e6bj\u00fagu sem talin eru vera 500 millj\u00f3n \u00e1ra g\u00f6mul. \u00cd Ind\u00f3nes\u00edu eru s\u00e6bj\u00fagu talin hafa l\u00e6kningam\u00e1tt, t.d. miki\u00f0 notu\u00f0 vi\u00f0 gr\u00e6\u00f0andi me\u00f0fer\u00f0ir.<\/p>\n<p class=\"zw-paragraph\" data-textformat=\"{&quot;ff&quot;:&quot;Liberation Serif,Times New Roman&quot;}\" data-margin-bottom=\"0pt\"><strong>Arctic Star S\u00e6bj\u00fagu innihalda:<\/strong><\/p>\n<p class=\"zw-paragraph\" data-textformat=\"{&quot;ff&quot;:&quot;Liberation Serif,Times New Roman&quot;}\" data-margin-bottom=\"0pt\"><strong>Kollagen<\/strong><\/p>\n<p class=\"zw-paragraph\" data-textformat=\"{&quot;ff&quot;:&quot;Liberation Serif,Times New Roman&quot;}\" data-margin-bottom=\"0pt\"><strong>Chondroitin s\u00falfat<\/strong><\/p>\n<p class=\"zw-paragraph\" data-textformat=\"{&quot;ff&quot;:&quot;Liberation Serif,Times New Roman&quot;}\" data-margin-bottom=\"0pt\"><strong>Am\u00edn\u00f3s\u00fdrur<\/strong> sem eru undirsta\u00f0a fyrir uppbyggingu pr\u00f3teina. S\u00e6bj\u00fagu innihalda mikilv\u00e6gar am\u00edn\u00f3s\u00fdrur sem mannsl\u00edkaminn getur ekki framleitt sj\u00e1lfur svo sem:<\/p>\n<ul data-list-id=\"9\" data-list-format=\"{&quot;level5&quot;:{&quot;paraFormat&quot;:{&quot;ti&quot;:&quot;-0.25in&quot;,&quot;tps&quot;:[{&quot;leader&quot;:0,&quot;id&quot;:&quot;0&quot;,&quot;align&quot;:0,&quot;point&quot;:&quot;3.0in&quot;}],&quot;pl&quot;:&quot;0.25in&quot;,&quot;ml&quot;:&quot;2.75in&quot;,&quot;textFormat&quot;:{&quot;ff&quot;:&quot;Wingdings&quot;}},&quot;c&quot;:&quot;\uf0ab&quot;,&quot;type&quot;:8,&quot;ltype&quot;:23,&quot;startsWith&quot;:1},&quot;level4&quot;:{&quot;paraFormat&quot;:{&quot;ti&quot;:&quot;-0.25in&quot;,&quot;tps&quot;:[{&quot;leader&quot;:0,&quot;id&quot;:&quot;0&quot;,&quot;align&quot;:0,&quot;point&quot;:&quot;2.5in&quot;}],&quot;pl&quot;:&quot;0.25in&quot;,&quot;ml&quot;:&quot;2.25in&quot;,&quot;textFormat&quot;:{&quot;ff&quot;:&quot;Wingdings&quot;}},&quot;c&quot;:&quot;\uf0ab&quot;,&quot;type&quot;:7,&quot;ltype&quot;:23,&quot;startsWith&quot;:1},&quot;level7&quot;:{&quot;paraFormat&quot;:{&quot;ti&quot;:&quot;-0.25in&quot;,&quot;tps&quot;:[{&quot;leader&quot;:0,&quot;id&quot;:&quot;0&quot;,&quot;align&quot;:0,&quot;point&quot;:&quot;4.0in&quot;}],&quot;pl&quot;:&quot;0.25in&quot;,&quot;ml&quot;:&quot;3.75in&quot;,&quot;textFormat&quot;:{&quot;ff&quot;:&quot;Wingdings&quot;}},&quot;c&quot;:&quot;\uf0ab&quot;,&quot;type&quot;:7,&quot;ltype&quot;:23,&quot;startsWith&quot;:1},&quot;level6&quot;:{&quot;paraFormat&quot;:{&quot;ti&quot;:&quot;-0.25in&quot;,&quot;tps&quot;:[{&quot;leader&quot;:0,&quot;id&quot;:&quot;0&quot;,&quot;align&quot;:0,&quot;point&quot;:&quot;3.5in&quot;}],&quot;pl&quot;:&quot;0.25in&quot;,&quot;ml&quot;:&quot;3.25in&quot;,&quot;textFormat&quot;:{&quot;ff&quot;:&quot;Wingdings&quot;}},&quot;c&quot;:&quot;\uf0ab&quot;,&quot;type&quot;:6,&quot;ltype&quot;:23,&quot;startsWith&quot;:1},&quot;level8&quot;:{&quot;paraFormat&quot;:{&quot;ti&quot;:&quot;-0.25in&quot;,&quot;tps&quot;:[{&quot;leader&quot;:0,&quot;id&quot;:&quot;0&quot;,&quot;align&quot;:0,&quot;point&quot;:&quot;4.5in&quot;}],&quot;pl&quot;:&quot;0.25in&quot;,&quot;ml&quot;:&quot;4.25in&quot;,&quot;textFormat&quot;:{&quot;ff&quot;:&quot;Wingdings&quot;}},&quot;c&quot;:&quot;\uf0ab&quot;,&quot;type&quot;:8,&quot;ltype&quot;:23,&quot;startsWith&quot;:1},&quot;level1&quot;:{&quot;paraFormat&quot;:{&quot;ti&quot;:&quot;-0.25in&quot;,&quot;tps&quot;:[{&quot;leader&quot;:0,&quot;id&quot;:&quot;0&quot;,&quot;align&quot;:0,&quot;point&quot;:&quot;1.0in&quot;}],&quot;pl&quot;:&quot;0.25in&quot;,&quot;ml&quot;:&quot;0.75in&quot;,&quot;textFormat&quot;:{&quot;ff&quot;:&quot;Wingdings&quot;}},&quot;c&quot;:&quot;\uf0ab&quot;,&quot;type&quot;:7,&quot;ltype&quot;:23,&quot;startsWith&quot;:1},&quot;level0&quot;:{&quot;paraFormat&quot;:{&quot;ti&quot;:&quot;-0.25in&quot;,&quot;tps&quot;:[{&quot;leader&quot;:0,&quot;id&quot;:&quot;0&quot;,&quot;align&quot;:0,&quot;point&quot;:&quot;0.5in&quot;}],&quot;pl&quot;:&quot;0.25in&quot;,&quot;ml&quot;:&quot;0.25in&quot;,&quot;textFormat&quot;:{&quot;ff&quot;:&quot;Wingdings&quot;}},&quot;c&quot;:&quot;\uf0ab&quot;,&quot;type&quot;:6,&quot;ltype&quot;:23,&quot;startsWith&quot;:1},&quot;level3&quot;:{&quot;paraFormat&quot;:{&quot;ti&quot;:&quot;-0.25in&quot;,&quot;tps&quot;:[{&quot;leader&quot;:0,&quot;id&quot;:&quot;0&quot;,&quot;align&quot;:0,&quot;point&quot;:&quot;2.0in&quot;}],&quot;pl&quot;:&quot;0.25in&quot;,&quot;ml&quot;:&quot;1.75in&quot;,&quot;textFormat&quot;:{&quot;ff&quot;:&quot;Wingdings&quot;}},&quot;c&quot;:&quot;\uf0ab&quot;,&quot;type&quot;:6,&quot;ltype&quot;:23,&quot;startsWith&quot;:1},&quot;level2&quot;:{&quot;paraFormat&quot;:{&quot;ti&quot;:&quot;-0.25in&quot;,&quot;tps&quot;:[{&quot;leader&quot;:0,&quot;id&quot;:&quot;0&quot;,&quot;align&quot;:0,&quot;point&quot;:&quot;1.5in&quot;}],&quot;pl&quot;:&quot;0.25in&quot;,&quot;ml&quot;:&quot;1.25in&quot;,&quot;textFormat&quot;:{&quot;ff&quot;:&quot;Wingdings&quot;}},&quot;c&quot;:&quot;\uf0ab&quot;,&quot;type&quot;:8,&quot;ltype&quot;:23,&quot;startsWith&quot;:1}}\" data-spl-bullet-format=\"{}\">\n<li style=\"list-style-type: none;\">\n<ul>\n<li>\n<p class=\"zw-list zw-paragraph\" data-tabpoints=\"[{&quot;leader&quot;:0,&quot;id&quot;:&quot;0&quot;,&quot;align&quot;:0,&quot;point&quot;:&quot;1.0in&quot;}]\" data-textformat=\"{&quot;ff&quot;:&quot;Liberation Serif,Times New Roman&quot;}\" data-margin-left=\"0.75in\" data-text-indent=\"-0.25in\" data-padding-left=\"0.25in\" data-margin-bottom=\"0pt\" data-tab-info=\"[{&quot;leader&quot;:0,&quot;id&quot;:&quot;0&quot;,&quot;align&quot;:0,&quot;point&quot;:&quot;1.0in&quot;}]\" data-list-id=\"9\" data-list-info=\"{&quot;id&quot;:9,&quot;l&quot;:1}\"><strong>Met\u00ed\u00f3n\u00edn<\/strong><\/p>\n<\/li>\n<li>\n<p class=\"zw-list zw-paragraph\" data-tabpoints=\"[{&quot;leader&quot;:0,&quot;id&quot;:&quot;0&quot;,&quot;align&quot;:0,&quot;point&quot;:&quot;1.0in&quot;}]\" data-textformat=\"{&quot;ff&quot;:&quot;Liberation Serif,Times New Roman&quot;}\" data-margin-left=\"0.75in\" data-text-indent=\"-0.25in\" data-padding-left=\"0.25in\" data-margin-bottom=\"0pt\" data-tab-info=\"[{&quot;leader&quot;:0,&quot;id&quot;:&quot;0&quot;,&quot;align&quot;:0,&quot;point&quot;:&quot;1.0in&quot;}]\" data-list-id=\"9\" data-list-info=\"{&quot;id&quot;:9,&quot;l&quot;:1}\"><strong>L\u00fds\u00edn<\/strong><\/p>\n<\/li>\n<li>\n<p class=\"zw-list zw-paragraph\" data-tabpoints=\"[{&quot;leader&quot;:0,&quot;id&quot;:&quot;0&quot;,&quot;align&quot;:0,&quot;point&quot;:&quot;1.0in&quot;}]\" data-textformat=\"{&quot;ff&quot;:&quot;Liberation Serif,Times New Roman&quot;}\" data-margin-left=\"0.75in\" data-text-indent=\"-0.25in\" data-padding-left=\"0.25in\" data-margin-bottom=\"0pt\" data-tab-info=\"[{&quot;leader&quot;:0,&quot;id&quot;:&quot;0&quot;,&quot;align&quot;:0,&quot;point&quot;:&quot;1.0in&quot;}]\" data-list-id=\"9\" data-list-info=\"{&quot;id&quot;:9,&quot;l&quot;:1}\"><strong>Trypt\u00f3fan<\/strong><\/p>\n<\/li>\n<li>\n<p class=\"zw-list zw-paragraph\" data-tabpoints=\"[{&quot;leader&quot;:0,&quot;id&quot;:&quot;0&quot;,&quot;align&quot;:0,&quot;point&quot;:&quot;1.0in&quot;}]\" data-textformat=\"{&quot;ff&quot;:&quot;Liberation Serif,Times New Roman&quot;}\" data-margin-left=\"0.75in\" data-text-indent=\"-0.25in\" data-padding-left=\"0.25in\" data-margin-bottom=\"0pt\" data-tab-info=\"[{&quot;leader&quot;:0,&quot;id&quot;:&quot;0&quot;,&quot;align&quot;:0,&quot;point&quot;:&quot;1.0in&quot;}]\" data-list-id=\"9\" data-list-info=\"{&quot;id&quot;:9,&quot;l&quot;:1}\"><strong>Val\u00edn<\/strong><\/p>\n<\/li>\n<li>\n<p class=\"zw-list zw-paragraph\" data-tabpoints=\"[{&quot;leader&quot;:0,&quot;id&quot;:&quot;0&quot;,&quot;align&quot;:0,&quot;point&quot;:&quot;1.0in&quot;}]\" data-textformat=\"{&quot;ff&quot;:&quot;Liberation Serif,Times New Roman&quot;}\" data-margin-left=\"0.75in\" data-text-indent=\"-0.25in\" data-padding-left=\"0.25in\" data-margin-bottom=\"0pt\" data-tab-info=\"[{&quot;leader&quot;:0,&quot;id&quot;:&quot;0&quot;,&quot;align&quot;:0,&quot;point&quot;:&quot;1.0in&quot;}]\" data-list-id=\"9\" data-list-info=\"{&quot;id&quot;:9,&quot;l&quot;:1}\"><strong>Tre\u00f3n\u00edn<\/strong><\/p>\n<\/li>\n<li>\n<p class=\"zw-list zw-paragraph\" data-tabpoints=\"[{&quot;leader&quot;:0,&quot;id&quot;:&quot;0&quot;,&quot;align&quot;:0,&quot;point&quot;:&quot;1.0in&quot;}]\" data-textformat=\"{&quot;ff&quot;:&quot;Liberation Serif,Times New Roman&quot;}\" data-margin-left=\"0.75in\" data-text-indent=\"-0.25in\" data-padding-left=\"0.25in\" data-margin-bottom=\"0pt\" data-tab-info=\"[{&quot;leader&quot;:0,&quot;id&quot;:&quot;0&quot;,&quot;align&quot;:0,&quot;point&quot;:&quot;1.0in&quot;}]\" data-list-id=\"9\" data-list-info=\"{&quot;id&quot;:9,&quot;l&quot;:1}\"><strong>Leucine<\/strong><\/p>\n<\/li>\n<li>\n<p class=\"zw-list zw-paragraph\" data-tabpoints=\"[{&quot;leader&quot;:0,&quot;id&quot;:&quot;0&quot;,&quot;align&quot;:0,&quot;point&quot;:&quot;1.0in&quot;}]\" data-textformat=\"{&quot;ff&quot;:&quot;Liberation Serif,Times New Roman&quot;}\" data-margin-left=\"0.75in\" data-text-indent=\"-0.25in\" data-padding-left=\"0.25in\" data-margin-bottom=\"0pt\" data-tab-info=\"[{&quot;leader&quot;:0,&quot;id&quot;:&quot;0&quot;,&quot;align&quot;:0,&quot;point&quot;:&quot;1.0in&quot;}]\" data-list-id=\"9\" data-list-info=\"{&quot;id&quot;:9,&quot;l&quot;:1}\"><strong>Isoleucine<\/strong><\/p>\n<\/li>\n<li>\n<p class=\"zw-list zw-paragraph\" data-tabpoints=\"[{&quot;leader&quot;:0,&quot;id&quot;:&quot;0&quot;,&quot;align&quot;:0,&quot;point&quot;:&quot;1.0in&quot;}]\" data-textformat=\"{&quot;ff&quot;:&quot;Liberation Serif,Times New Roman&quot;}\" data-margin-left=\"0.75in\" data-text-indent=\"-0.25in\" data-padding-left=\"0.25in\" data-margin-bottom=\"0pt\" data-tab-info=\"[{&quot;leader&quot;:0,&quot;id&quot;:&quot;0&quot;,&quot;align&quot;:0,&quot;point&quot;:&quot;1.0in&quot;}]\" data-list-id=\"9\" data-list-info=\"{&quot;id&quot;:9,&quot;l&quot;:1}\"><strong>Fen\u00fdlalan\u00edn<\/strong><\/p>\n<\/li>\n<\/ul>\n<\/li>\n<\/ul>\n<p class=\"zw-paragraph\" data-textformat=\"{&quot;ff&quot;:&quot;Liberation Serif,Times New Roman&quot;}\" data-margin-bottom=\"0pt\"><strong>Mucopolysaccharide<\/strong><\/p>\n<p><strong>Saponins<\/strong><\/p>\n","protected":false},"excerpt":{"rendered":"<p><strong>Lat\u00edn: Cucumaria Frondosa<\/strong><\/p>\n<p><strong>Arctic Star \u00feurrku\u00f0 s\u00e6bj\u00fagu:<\/strong><\/p>\n<ul>\n<li class=\"zw-list zw-paragraph\" data-tabpoints=\"[{&quot;leader&quot;:0,&quot;id&quot;:&quot;0&quot;,&quot;align&quot;:0,&quot;point&quot;:&quot;0.5in&quot;}]\" data-textformat=\"{&quot;ff&quot;:&quot;Liberation Serif,Times New Roman&quot;}\" data-margin-left=\"0.25in\" data-text-indent=\"-0.25in\" data-padding-left=\"0.25in\" data-margin-bottom=\"0pt\" data-tab-info=\"[{&quot;leader&quot;:0,&quot;id&quot;:&quot;0&quot;,&quot;align&quot;:0,&quot;point&quot;:&quot;0.5in&quot;}]\" data-list-id=\"7\" data-list-info=\"{&quot;id&quot;:7,&quot;l&quot;:0}\"><strong>Innihalda h\u00e1tt pr\u00f3tein<\/strong><strong><br \/>\n<\/strong><\/li>\n<li class=\"zw-list zw-paragraph\" data-tabpoints=\"[{&quot;leader&quot;:0,&quot;id&quot;:&quot;0&quot;,&quot;align&quot;:0,&quot;point&quot;:&quot;0.5in&quot;}]\" data-textformat=\"{&quot;ff&quot;:&quot;Liberation Serif,Times New Roman&quot;}\" data-margin-left=\"0.25in\" data-text-indent=\"-0.25in\" data-padding-left=\"0.25in\" data-margin-bottom=\"0pt\" data-tab-info=\"[{&quot;leader&quot;:0,&quot;id&quot;:&quot;0&quot;,&quot;align&quot;:0,&quot;point&quot;:&quot;0.5in&quot;}]\" data-list-id=\"7\" data-list-info=\"{&quot;id&quot;:7,&quot;l&quot;:0}\"><strong>Innihalda litla fitu<br \/>\n<\/strong><\/li>\n<li class=\"zw-list zw-paragraph\" data-tabpoints=\"[{&quot;leader&quot;:0,&quot;id&quot;:&quot;0&quot;,&quot;align&quot;:0,&quot;point&quot;:&quot;0.5in&quot;}]\" data-textformat=\"{&quot;ff&quot;:&quot;Liberation Serif,Times New Roman&quot;}\" data-margin-left=\"0.25in\" data-text-indent=\"-0.25in\" data-padding-left=\"0.25in\" data-margin-bottom=\"0pt\" data-tab-info=\"[{&quot;leader&quot;:0,&quot;id&quot;:&quot;0&quot;,&quot;align&quot;:0,&quot;point&quot;:&quot;0.5in&quot;}]\" data-list-id=\"7\" data-list-info=\"{&quot;id&quot;:7,&quot;l&quot;:0}\"><strong>Innihalda Met\u00ed\u00f3n\u00edn<\/strong><\/li>\n<li>\n<p class=\"zw-list zw-paragraph\" data-tabpoints=\"[{&quot;leader&quot;:0,&quot;id&quot;:&quot;0&quot;,&quot;align&quot;:0,&quot;point&quot;:&quot;0.5in&quot;}]\" data-textformat=\"{&quot;ff&quot;:&quot;Liberation Serif,Times New Roman&quot;}\" data-margin-left=\"0.25in\" data-text-indent=\"-0.25in\" data-padding-left=\"0.25in\" data-margin-bottom=\"0pt\" data-tab-info=\"[{&quot;leader&quot;:0,&quot;id&quot;:&quot;0&quot;,&quot;align&quot;:0,&quot;point&quot;:&quot;0.5in&quot;}]\" data-list-id=\"7\" data-list-info=\"{&quot;id&quot;:7,&quot;l&quot;:0}\"><strong>Innihalda Kollagen<\/strong><\/p>\n<\/li>\n<\/ul>\n","protected":false},"featured_media":779,"template":"","meta":{"site-sidebar-layout":"default","site-content-layout":"default","ast-site-content-layout":"default","site-content-style":"default","site-sidebar-style":"default","ast-global-header-display":"","ast-banner-title-visibility":"","ast-main-header-display":"","ast-hfb-above-header-display":"","ast-hfb-below-header-display":"","ast-hfb-mobile-header-display":"","site-post-title":"","ast-breadcrumbs-content":"","ast-featured-img":"","footer-sml-layout":"","ast-disable-related-posts":"","theme-transparent-header-meta":"default","adv-header-id-meta":"","stick-header-meta":"","header-above-stick-meta":"","header-main-stick-meta":"","header-below-stick-meta":"","astra-migrate-meta-layouts":"default","ast-page-background-enabled":"default","ast-page-background-meta":{"desktop":{"background-color":"","background-image":"","background-repeat":"repeat","background-position":"center center","background-size":"auto","background-attachment":"scroll","background-type":"","background-media":"","overlay-type":"","overlay-color":"","overlay-opacity":"","overlay-gradient":""},"tablet":{"background-color":"","background-image":"","background-repeat":"repeat","background-position":"center center","background-size":"auto","background-attachment":"scroll","background-type":"","background-media":"","overlay-type":"","overlay-color":"","overlay-opacity":"","overlay-gradient":""},"mobile":{"background-color":"","background-image":"","background-repeat":"repeat","background-position":"center center","background-size":"auto","background-attachment":"scroll","background-type":"","background-media":"","overlay-type":"","overlay-color":"","overlay-opacity":"","overlay-gradient":""}},"ast-content-background-meta":{"desktop":{"background-color":"var(--ast-global-color-5)","background-image":"","background-repeat":"repeat","background-position":"center center","background-size":"auto","background-attachment":"scroll","background-type":"","background-media":"","overlay-type":"","overlay-color":"","overlay-opacity":"","overlay-gradient":""},"tablet":{"background-color":"var(--ast-global-color-5)","background-image":"","background-repeat":"repeat","background-position":"center center","background-size":"auto","background-attachment":"scroll","background-type":"","background-media":"","overlay-type":"","overlay-color":"","overlay-opacity":"","overlay-gradient":""},"mobile":{"background-color":"var(--ast-global-color-5)","background-image":"","background-repeat":"repeat","background-position":"center center","background-size":"auto","background-attachment":"scroll","background-type":"","background-media":"","overlay-type":"","overlay-color":"","overlay-opacity":"","overlay-gradient":""}}},"product_brand":[],"product_cat":[40],"product_tag":[],"class_list":{"0":"post-714","1":"product","2":"type-product","3":"status-publish","4":"has-post-thumbnail","6":"product_cat-products-is","7":"desktop-align-center","8":"tablet-align-center","9":"mobile-align-center","10":"ast-product-gallery-layout-vertical","11":"ast-product-tabs-layout-horizontal","13":"first","14":"instock","15":"shipping-taxable","16":"purchasable","17":"product-type-simple"},"_links":{"self":[{"href":"https:\/\/arcticstar.is\/is\/wp-json\/wp\/v2\/product\/714","targetHints":{"allow":["GET"]}}],"collection":[{"href":"https:\/\/arcticstar.is\/is\/wp-json\/wp\/v2\/product"}],"about":[{"href":"https:\/\/arcticstar.is\/is\/wp-json\/wp\/v2\/types\/product"}],"wp:featuredmedia":[{"embeddable":true,"href":"https:\/\/arcticstar.is\/is\/wp-json\/wp\/v2\/media\/779"}],"wp:attachment":[{"href":"https:\/\/arcticstar.is\/is\/wp-json\/wp\/v2\/media?parent=714"}],"wp:term":[{"taxonomy":"product_brand","embeddable":true,"href":"https:\/\/arcticstar.is\/is\/wp-json\/wp\/v2\/product_brand?post=714"},{"taxonomy":"product_cat","embeddable":true,"href":"https:\/\/arcticstar.is\/is\/wp-json\/wp\/v2\/product_cat?post=714"},{"taxonomy":"product_tag","embeddable":true,"href":"https:\/\/arcticstar.is\/is\/wp-json\/wp\/v2\/product_tag?post=714"}],"curies":[{"name":"wp","href":"https:\/\/api.w.org\/{rel}","templated":true}]}}